{"id":3,"date":"2023-06-14T07:06:46","date_gmt":"2023-06-14T07:06:46","guid":{"rendered":"http:\/\/villaluce.cambia-marketing.it\/?page_id=3"},"modified":"2023-06-20T09:42:38","modified_gmt":"2023-06-20T09:42:38","slug":"privacy-policy","status":"publish","type":"page","link":"https:\/\/villaluce.morami.it\/de\/privacy-policy\/","title":{"rendered":"Datenschutzbestimmungen"},"content":{"rendered":"<div data-elementor-type=\"wp-page\" data-elementor-id=\"3\" class=\"elementor elementor-3\">\n\t\t\t\t\t\t\t\t\t<section class=\"elementor-section elementor-top-section elementor-element elementor-element-ed4b069 elementor-section-boxed elementor-section-height-default elementor-section-height-default\" data-id=\"ed4b069\" data-element_type=\"section\">\n\t\t\t\t\t\t<div class=\"elementor-container elementor-column-gap-default\">\n\t\t\t\t\t<div class=\"elementor-column elementor-col-100 elementor-top-column elementor-element elementor-element-20cbfd52\" data-id=\"20cbfd52\" data-element_type=\"column\">\n\t\t\t<div class=\"elementor-widget-wrap elementor-element-populated\">\n\t\t\t\t\t\t\t\t<div class=\"elementor-element elementor-element-7a4889e0 elementor-widget elementor-widget-text-editor\" data-id=\"7a4889e0\" data-element_type=\"widget\" data-widget_type=\"text-editor.default\">\n\t\t\t\t<div class=\"elementor-widget-container\">\n\t\t\t<style>\/*! elementor - v3.14.0 - 26-06-2023 *\/\n.elementor-widget-text-editor.elementor-drop-cap-view-stacked .elementor-drop-cap{background-color:#69727d;color:#fff}.elementor-widget-text-editor.elementor-drop-cap-view-framed .elementor-drop-cap{color:#69727d;border:3px solid;background-color:transparent}.elementor-widget-text-editor:not(.elementor-drop-cap-view-default) .elementor-drop-cap{margin-top:8px}.elementor-widget-text-editor:not(.elementor-drop-cap-view-default) .elementor-drop-cap-letter{width:1em;height:1em}.elementor-widget-text-editor .elementor-drop-cap{float:left;text-align:center;line-height:1;font-size:50px}.elementor-widget-text-editor .elementor-drop-cap-letter{display:inline-block}<\/style>\t\t\t\t<p><!-- wp:heading --><\/p>\n<h2><strong>Datenschutzbestimmungen<\/strong><\/h2>\n<h2>Informativa per il trattamento di soli dati personali ai sensi e per gli effetti di cui all\u2019art. 13 del D.Lgs. 30 giugno 2003 n. 196<\/h2>\n<p>In osservanza di quanto previsto dal D. Lgs. 30 giugno 2003 n. 196, siamo a fornirLe le dovute informazioni in ordine alle finalit\u00e0 e modalit\u00e0 del trattamento dei Suoi dati personali, nonch\u00e9 l\u2019ambito di comunicazione e diffusione degli stessi, alla natura dei dati in nostro possesso e del conferimento<\/p>\n<h4><strong>Finalit\u00e0 del trattamento<\/strong><\/h4>\n<p>Il trattamento dei dati sar\u00e0 finalizzato a:<br>a) gestire l\u2019accesso, da parte dell\u2019interessato, ai portali web del Titolare del trattamento, nonch\u00e9 la loro fruizione ed il loro utilizzo in base alle tecnologie ed agli strumenti implementati;<br>b) fornire all\u2019interessato i servizi connessi alla funzione \u201ccontattaci\u201d resa disponibile attraverso il sito web e l\u2019invio di email;<br>c) inviare informazioni ed offerte commerciali; inviare newsletter; inviare materiale pubblicitario e informativo; effettuare comunicazioni commerciali, anche interattive, ovvero per tutte quelle finalit\u00e0 a carattere commerciale e\/o statistico consentite ed utili;<\/p>\n<h4><b>Modalit\u00e0 del trattamento<\/b><\/h4>\n<p>Il trattamento sar\u00e0 effettuato in forma automatizzata, con strumenti elettronici e\/o cartacei ad opera di soggetti a ci\u00f2 appositamente incaricati e comprender\u00e0, nel rispetto dei limiti e delle condizioni poste dall\u2019art. 11 del D.Lgs. n.&nbsp;196\/2003,&nbsp;le operazioni previste dall\u2019art. 4, comma 1, let.a), indispensabili al trattamento in questione.<\/p>\n<h4><b>Ambito e finalit\u00e0 di comunicazione e diffusione<\/b><\/h4>\n<p>Potr\u00e0 venire a conoscenza dei Suoi dati il personale aziendale dipendente e\/o collaboratore appositamente nominato responsabile e\/o incaricato del trattamento ai sensi degli artt. 29 e 30 del Codice.<br>I Suoi dati personali, per le finalit\u00e0 sopra indicate, potranno essere resi disponibili a:<br>\u2013 Pubbliche autorit\u00e0, amministrazioni ed enti per gli adempimenti di legge;<br>\u2013 Rete commerciale del Titolare del trattamento<br>\u2013 Terzi che svolgono specifici incarichi di collaborazione per conto della nostra azienda a fini consulenziali, commerciali e promozionali;<br>Desideriamo, inoltre, informarLa che i Suoi dati potrebbero essere trasferiti all\u2019estero, con riferimento ad una o pi\u00f9 delle finalit\u00e0 sopra indicate; essi saranno trattati, in ogni caso, nel pieno rispetto delle disposizioni del Codice applicabili, quanto alla disciplina prevista per il trasferimento dei dati all\u2019estero.<br>I Suoi dati personali non saranno oggetto di diffusione, salvo qualora richiesto da una norma di legge o di regolamento o dalla normativa comunitaria.<\/p>\n<h4><b>Natura del conferimento<\/b><\/h4>\n<p>Il conferimento dei dati di cui alla lettera (a) \u00e8 libero, ma obbligatorio per l\u2019accesso alle informazioni ed alle funzionalit\u00e0 presenti sui portali web del Titolare.<br>Il conferimento dei dati di cui alla lettera (b) \u00e8 libero, ma obbligatorio per usufruire dei servizi connessi alla funzione \u201ccontattaci\u201d.<br>Il conferimento dei dati di cui alle lettere (c) e \u00e8 libero e facoltativo. Il rifiuto del consenso al relativo trattamento non comporter\u00e0 alcuna conseguenza per l\u2019interessato, salvo l\u2019impossibilit\u00e0 di usufruire del relativo servizio.<br>Il Titolare informa, inoltre, che l\u2019eventuale non comunicazione, o comunicazione errata, di informazioni obbligatorie, ha come conseguenza l\u2019impossibilit\u00e0 del Titolare di fornire i servizi richiesti.<\/p>\n<h4><b>Soggetti<\/b><\/h4>\n<p>Il Titolare del trattamento \u00e8:<br>Morami Sabrina, P.IVA&nbsp;IT02345360545, C.F&nbsp;MRMSRN71T47C309T<\/p>\n<p>sede legale in&nbsp;Macchie \u2013 Loc. Podicerri 8 \u2013 CASTGLIONE DEL LAGO (PG).<\/p>\n<p>Responsabile del trattamento \u00e8&nbsp; Sabrina Morami.<br>L\u2019elenco completo dei responsabili del trattamento nominati \u00e8 disponibile presso il Titolare del trattamento, ai riferimenti sopra individuati.<\/p>\n<h4><b>Esercizio dei diritti<\/b><\/h4>\n<p>In relazione ai dati potr\u00e0 in ogni momento esercitare i diritti previsti dall\u2019art. 7 (di cui si riporta sotto il testo integrale) nei limiti ed alle condizioni previste dagli artt. 8, 9 e 11 del D. Lgs. 30 giugno 2003 n. 196 rivolgendosi al Titolare e\/o al Responsabile del trattamento.<br>In ogni momento potr\u00e0 esercitare i Suoi diritti nei confronti del titolare del trattamento, ai sensi dell\u2019art.7 del D.lgs.196\/2003, che per Sua comodit\u00e0 riproduciamo:<br>Art. 7 del Decreto Legislativo n.196\/2003 \u201cDiritto di accesso ai dati personali ed altri diritti\u201d:<br>1. L\u2019interessato ha diritto di ottenere la conferma dell\u2019esistenza o meno di dati personali che lo riguardano, anche se non ancora registrati, e la loro comunicazione in forma intelligibile.<\/p>\n<p>2. L\u2019interessato ha diritto di ottenere l\u2019indicazione:&nbsp;<\/p>\n<p>a) dell\u2019origine dei dati personali;<\/p>\n<p>b) delle finalit\u00e0 e modalit\u00e0 del trattamento;&nbsp;<\/p>\n<p>c) della logica applicata in caso di trattamento effettuato con l\u2019ausilio di strumenti elettronici;&nbsp;<\/p>\n<p>d) degli estremi identificativi del titolare, dei responsabili e del rappresentante designato ai sensi dell\u2019articolo 5, comma&nbsp;<\/p>\n<p>e) dei soggetti o delle categorie di soggetti ai quali i dati personali possono essere comunicati o che possono venirne a conoscenza in qualit\u00e0 di rappresentante designato nel territorio dello Stato, di responsabili o incaricati.&nbsp;<\/p>\n<p>3. L\u2019interessato ha diritto di ottenere:&nbsp;<\/p>\n<p>a) l\u2019aggiornamento, la rettificazione ovvero, quando vi ha interesse, l\u2019integrazione dei dati;&nbsp;<\/p>\n<p>b) la cancellazione, la trasformazione in forma anonima o il blocco dei dati trattati in violazione di legge, compresi quelli di cui non \u00e8 necessaria la conservazione in relazione agli scopi per i quali i dati sono stati raccolti o successivamente trattati;&nbsp;<\/p>\n<p>c) l\u2019attestazione che le operazioni di cui alle lettere a) e b) sono state portate a conoscenza, anche per quanto riguarda il loro contenuto, di coloro ai quali i dati sono stati comunicati o diffusi, eccettuato il caso in cui tale adempimento si rivela impossibile o comporta un impiego di mezzi manifestamente sproporzionato rispetto al diritto tutelato.&nbsp;<\/p>\n<p>4. L\u2019interessato ha diritto di opporsi, in tutto o in parte:&nbsp;<\/p>\n<p>a) per motivi legittimi al trattamento dei dati personali che lo riguardano, ancorch\u00e9 pertinenti allo scopo della raccolta;&nbsp;<\/p>\n<p>b) al trattamento di dati personali che lo riguardano a fini di invio di materiale pubblicitario o di vendita diretta per il compimento di ricerche di mercato o di comunicazione commerciale.<\/p>\n<p><\/p>\n<h4><b>Diritto di reclamo&nbsp;<\/b><\/h4>\n<p>Gli interessati che ritengono che il trattamento dei dati personali a loro riferiti effettuato attraverso questo sito avvenga in violazione di quanto previsto dal Regolamento hanno il diritto di proporre reclamo al Garante, come previsto dall\u2019art. 77 del Regolamento stesso, o di adire le opportune sedi giudiziarie (art. 79 del Regolamento).<\/p>\n<p><\/p>\n<p>&nbsp;<\/p>\n<p>Eventuali richieste potranno essere indirizzate a<b> AZIENDA AGRICOLA MORAMI SABRINA <\/b>(P.iva:&nbsp;IT02345360545)<b>&nbsp;Macchie \u2013 Loc. Podicerri 8 \u2013 CASTGLIONE DEL LAGO (PG)<\/b>&nbsp;ovvero all\u2019indirizzo PEC moramisabrina@pec.it<\/p>\n<p><!-- \/wp:paragraph --><\/p>\t\t\t\t\t\t<\/div>\n\t\t\t\t<\/div>\n\t\t\t\t\t<\/div>\n\t\t<\/div>\n\t\t\t\t\t\t\t<\/div>\n\t\t<\/section>\n\t\t\t\t\t\t\t<\/div>","protected":false},"excerpt":{"rendered":"<p>Privacy Policy Informativa per il trattamento di soli dati personali ai sensi e per gli effetti di cui all\u2019art. 13 del D.Lgs. 30 giugno 2003 n. 196 In osservanza di quanto previsto dal D. Lgs. 30 giugno 2003 n. 196, siamo a fornirLe le dovute informazioni in ordine alle finalit\u00e0 e modalit\u00e0 del trattamento dei [&hellip;]<\/p>","protected":false},"author":1,"featured_media":0,"parent":0,"menu_order":0,"comment_status":"closed","ping_status":"open","template":"elementor_header_footer","meta":{"footnotes":""},"class_list":["post-3","page","type-page","status-publish","hentry"],"_links":{"self":[{"href":"https:\/\/villaluce.morami.it\/de\/wp-json\/wp\/v2\/pages\/3","targetHints":{"allow":["GET"]}}],"collection":[{"href":"https:\/\/villaluce.morami.it\/de\/wp-json\/wp\/v2\/pages"}],"about":[{"href":"https:\/\/villaluce.morami.it\/de\/wp-json\/wp\/v2\/types\/page"}],"author":[{"embeddable":true,"href":"https:\/\/villaluce.morami.it\/de\/wp-json\/wp\/v2\/users\/1"}],"replies":[{"embeddable":true,"href":"https:\/\/villaluce.morami.it\/de\/wp-json\/wp\/v2\/comments?post=3"}],"version-history":[{"count":3,"href":"https:\/\/villaluce.morami.it\/de\/wp-json\/wp\/v2\/pages\/3\/revisions"}],"predecessor-version":[{"id":360,"href":"https:\/\/villaluce.morami.it\/de\/wp-json\/wp\/v2\/pages\/3\/revisions\/360"}],"wp:attachment":[{"href":"https:\/\/villaluce.morami.it\/de\/wp-json\/wp\/v2\/media?parent=3"}],"curies":[{"name":"wp","href":"https:\/\/api.w.org\/{rel}","templated":true}]}}